{"id":27,"date":"2011-12-14T10:15:19","date_gmt":"2011-12-14T09:15:19","guid":{"rendered":"http:\/\/travail.avocat-broquet.fr\/?page_id=27"},"modified":"2011-12-14T10:15:19","modified_gmt":"2011-12-14T09:15:19","slug":"honoraires","status":"publish","type":"page","link":"https:\/\/avocat-broquet.fr\/travail\/honoraires\/","title":{"rendered":"Honoraires"},"content":{"rendered":"<p><div class=\"fusion-fullwidth fullwidth-box fusion-builder-row-1 nonhundred-percent-fullwidth non-hundred-percent-height-scrolling\" style=\"--awb-border-radius-top-left:0px;--awb-border-radius-top-right:0px;--awb-border-radius-bottom-right:0px;--awb-border-radius-bottom-left:0px;--awb-flex-wrap:wrap;\" ><div class=\"fusion-builder-row fusion-row\"><div class=\"fusion-layout-column fusion_builder_column fusion-builder-column-0 fusion_builder_column_1_1 1_1 fusion-one-full fusion-column-first fusion-column-last\" style=\"--awb-bg-size:cover;--awb-margin-bottom:0px;\"><div class=\"fusion-column-wrapper fusion-flex-column-wrapper-legacy\"><div class=\"fusion-text fusion-text-1\"><p>Il existe plusieurs modes de r\u00e9mun\u00e9ration\u00a0en fonction de la nature et de la difficult\u00e9 de votre affaire de <strong>droit du travail<\/strong>.<\/p>\n<p>Afin d&rsquo;\u00eatre le plus transparent sur nos honoraires, ce que co\u00fbte une consultation juridique, une n\u00e9gociation ou bien encore une proc\u00e9dure devant le Conseil des Prud&rsquo;hommes, nous privil\u00e9gions pour les proc\u00e9dures simples des honoraires <strong>d\u00e9termin\u00e9s \u00e0 l&rsquo;avance de fa\u00e7on forfaitaire et d\u00e9finitive<\/strong>.<\/p>\n<p>Les\u00a0<strong>forfaits en droit du travail\u00a0<\/strong>incluent tous les frais de proc\u00e9dure (d\u00e9placement, consultations,&#8230;).<\/p>\n<h1>FORFAITS CONTENTIEUX DU TRAVAIL<\/h1>\n<h2>FORFAIT &#8211; NEGOCIATION DU LICENCIEMENT<\/h2>\n<p>A partir de <span style=\"color: #ff0000\"><strong>380 \u20ac HT + 10%\u00a0<\/strong><\/span>&#8211; (454,48 \u20ac TTC + 10%)<\/p>\n<p><strong>Possibilit\u00e9 de paiement en 3 fois sans frais<\/strong><\/p>\n<h2>FORFAIT &#8211; CONTESTATION DU LICENCIEMENT DEVANT LE CONSEIL DES PRUD&rsquo;HOMMES<\/h2>\n<p>A partir de <span style=\"color: #ff0000\"><strong>2.990\u00a0\u20ac HT + 10%\u00a0<\/strong><\/span>&#8211; (3.588 \u20ac TTC + 10%)<\/p>\n<p><strong>Possibilit\u00e9 de paiement en 3 fois sans frais<\/strong><\/p>\n<h2>FORFAIT NEGOCIATION + CONTESTATION DU LICENCIEMENT DEVANT LE CONSEIL DES PRUD&rsquo;HOMMES<\/h2>\n<p>A partir de <span style=\"color: #ff0000\"><strong> 4.000\u00a0\u20ac HT + 16%\u00a0<\/strong><\/span>&#8211; (3.333,33 \u20ac TTC + 10%)<\/p>\n<p><strong>Possibilit\u00e9 de paiement en 6 fois sans frais<\/strong><\/p>\n<h2>FORFAIT &#8211; PROCEDURE EN MATIERE DE DISCRIMINATION<\/h2>\n<p>A partir de <span style=\"color: #ff0000\"><strong>2.590 \u20ac HT + 10%\u00a0<\/strong><\/span>&#8211; (1 662,44 \u20ac TTC + 10%)<\/p>\n<p><strong>Possibilit\u00e9 de paiement en 6 fois sans frais<\/strong><\/p>\n<h2>FORFAIT &#8211; PROCEDURE DE HARCELEMENT MORAL<\/h2>\n<p>A partir de <span style=\"color: #ff0000\"><strong> 2.990\u00a0\u20ac HT + 10%\u00a0<\/strong><\/span>&#8211; (1 662,44\u20ac TTC + 10%)<\/p>\n<p><strong>Possibilit\u00e9 de paiement en 6 fois sans frais<\/strong><\/p>\n<h2>FORFAIT &#8211; CONTESTATION D&rsquo;UN CONTRAT DE TRAVAIL DE SALARIES PROTEGES<\/h2>\n<p>A partir de <span style=\"color: #ff0000\"><strong>2.590 \u20ac HT + 10%\u00a0<\/strong><\/span>&#8211; (1 901,64 \u20ac TTC + 10%)<\/p>\n<p><strong>Possibilit\u00e9 de paiement en 6 fois sans frais<\/strong><\/p>\n<h2>CONSULTATION SIMPLE EN DROIT DU TRAVAIL<\/h2>\n<p>A partir de <span style=\"color: #ff0000\"><strong>150 \u20ac HT\u00a0<\/strong><\/span>(179,40 \u20ac TTC )<\/p>\n<ul>\n<li>150 \u20ac HT \/ heure consultation concernant un licenciement<\/li>\n<li>250 \u20ac HT \/ heure consultation en mati\u00e8re de r\u00e9mun\u00e9rations compl\u00e9mentaires (crit\u00e8res,\u00a0fiscalit\u00e9 et cotisations sociales)<\/li>\n<\/ul>\n<p><a href=\"http:\/\/travail.avocat-broquet.fr\/wp-content\/uploads\/2011\/12\/devis-licenciement-facile-et-rapide-par-un-avocat-travail.jpg\">\u00a0<\/a><\/p>\n<h1>FORFAITS REDACTION D&rsquo;ACTES<\/h1>\n<h2>REDACTION D&rsquo;UN CONTRAT DE TRAVAIL<\/h2>\n<p>ouvriers et employ\u00e9s :\u00a0\u00e0 partir de <span style=\"color: #ff0000\"><strong>330 \u20ac HT\u00a0<\/strong><\/span>&#8211; (394,68 \u20ac TTC )<\/p>\n<p><strong>Possibilit\u00e9 de paiement en 3 fois sans frais<\/strong><\/p>\n<p>cadres :\u00a0\u00e0 partir de <span style=\"color: #ff0000\"><strong>495 \u20ac HT\u00a0<\/strong><\/span>&#8211; (592,02 \u20ac TTC )<\/p>\n<p><strong>Possibilit\u00e9 de paiement en 3 fois sans frais<\/strong><\/p>\n<h2>REDACTION D&rsquo;UN REGLEMENT INTERIEUR<\/h2>\n<p><span style=\"color: #ff0000\"><span style=\"color: #000000\">A partir de <\/span><strong>920 \u20ac HT\u00a0<\/strong><\/span>&#8211; (1 100,32 \u20ac TTC ) [soci\u00e9t\u00e9 de moins de\u00a0 salari\u00e9s]<\/p>\n<p><strong>Possibilit\u00e9 de paiement en 6 fois sans frais<\/strong><\/p>\n<\/div><div class=\"fusion-clearfix\"><\/div><\/div><\/div><\/div><\/div><div class=\"fusion-fullwidth fullwidth-box fusion-builder-row-2 hundred-percent-fullwidth non-hundred-percent-height-scrolling\" style=\"--awb-border-radius-top-left:0px;--awb-border-radius-top-right:0px;--awb-border-radius-bottom-right:0px;--awb-border-radius-bottom-left:0px;--awb-padding-right:16%;--awb-padding-left:16%;--awb-margin-top:0px;--awb-background-color:#d0d3da;--awb-flex-wrap:wrap;\" ><div class=\"fusion-builder-row fusion-row\"><div class=\"fusion-layout-column fusion_builder_column fusion-builder-column-1 fusion_builder_column_2_3 2_3 fusion-two-third fusion-column-first\" style=\"--awb-padding-top:20px;--awb-padding-bottom:0px;--awb-bg-size:cover;width:66.666666666667%;width:calc(66.666666666667% - ( ( 4% ) * 0.66666666666667 ) );margin-right: 4%;\"><div class=\"fusion-column-wrapper fusion-flex-column-wrapper-legacy\"><div class=\"fusion-title title fusion-title-1 fusion-sep-none fusion-title-text fusion-title-size-two\" style=\"--awb-text-color:#142246;--awb-margin-top:40px;\"><h2 class=\"fusion-title-heading title-heading-left fusion-responsive-typography-calculated\" style=\"margin:0;--fontSize:26;line-height:1.69;\">Demander un devis en droit du travail<\/h2><\/div><div class=\"fusion-text fusion-text-2\"><p><em><strong>Si vous d\u00e9cidez de sauter le pas, faites appel \u00e0 nos services. Besoin de conseil, de lancer ou reprendre une proc\u00e9dure en cours ? <\/strong><\/em><\/p>\n<p><em><strong>Nous sommes bien entendu dispos\u00e9s \u00e0 vous accompagner.<\/strong> <\/em><\/p>\n<p>Pour en savoir plus, contactez nous via notre formulaire ou par t\u00e9l\u00e9phone.<\/p>\n<\/div><div class=\"fusion-text fusion-text-3\"><p>[gravityform id=\u00a0\u00bb1&Prime; title=\u00a0\u00bbfalse\u00a0\u00bb description=\u00a0\u00bbfalse\u00a0\u00bb ajax=\u00a0\u00bbtrue\u00a0\u00bb]<\/p>\n<\/div><div class=\"fusion-clearfix\"><\/div><\/div><\/div><div class=\"fusion-layout-column fusion_builder_column fusion-builder-column-2 fusion_builder_column_1_3 1_3 fusion-one-third fusion-column-last\" style=\"--awb-padding-top:20px;--awb-padding-bottom:0px;--awb-bg-size:cover;width:33.333333333333%;width:calc(33.333333333333% - ( ( 4% ) * 0.33333333333333 ) );\"><div class=\"fusion-column-wrapper fusion-flex-column-wrapper-legacy\"><div class=\"fusion-title title fusion-title-2 fusion-sep-none fusion-title-text fusion-title-size-two\" style=\"--awb-text-color:#142246;--awb-margin-top:40px;\"><h2 class=\"fusion-title-heading title-heading-left fusion-responsive-typography-calculated\" style=\"margin:0;--fontSize:26;line-height:1.69;\">Nous contacter<\/h2><\/div><div class=\"fusion-title title fusion-title-3 fusion-no-small-visibility fusion-sep-none fusion-title-text fusion-title-size-two\"><h2 class=\"fusion-title-heading title-heading-left fusion-responsive-typography-calculated\" style=\"margin:0;--fontSize:26;line-height:1.69;\"><span style=\"font-size: 24pt\">01.42.86.87.46<\/span><\/h2><\/div><div class=\"fusion-align-block\"><a class=\"fusion-button button-flat button-xlarge button-default fusion-button-default button-1 fusion-button-span-yes fusion-button-default-type fusion-no-medium-visibility fusion-no-large-visibility\" style=\"--button_text_transform:uppercase;\" target=\"_self\" href=\"tel:+33142868746\"><span class=\"fusion-button-icon-divider button-icon-divider-left\"><i class=\"fa-headset fas awb-button__icon awb-button__icon--default\" aria-hidden=\"true\"><\/i><\/span><span class=\"fusion-button-text awb-button__text awb-button__text--default fusion-button-text-left\">01 42 86 87 46<\/span><\/a><\/div><div class=\"fusion-sep-clear\"><\/div><div class=\"fusion-separator fusion-no-medium-visibility fusion-no-large-visibility fusion-full-width-sep\" style=\"margin-left: auto;margin-right: auto;margin-bottom:40px;width:100%;\"><\/div><div class=\"fusion-sep-clear\"><\/div><div class=\"fusion-title title fusion-title-4 fusion-sep-none fusion-title-text fusion-title-size-two\" style=\"--awb-text-color:#142246;--awb-margin-top:40px;\"><h2 class=\"fusion-title-heading title-heading-left fusion-responsive-typography-calculated\" style=\"margin:0;--fontSize:26;line-height:1.69;\">Adresse<\/h2><\/div><div class=\"fusion-text fusion-text-4\"><h3>4, Rue Cambon<br \/>\n75001 PARIS<\/h3>\n<\/div><div class=\"fusion-sep-clear\"><\/div><div class=\"fusion-separator fusion-no-medium-visibility fusion-no-large-visibility fusion-full-width-sep\" style=\"margin-left: auto;margin-right: auto;margin-bottom:40px;width:100%;\"><\/div><div class=\"fusion-sep-clear\"><\/div><div class=\"fusion-title title fusion-title-5 fusion-sep-none fusion-title-text fusion-title-size-two\" style=\"--awb-text-color:#142246;--awb-margin-top:40px;\"><h2 class=\"fusion-title-heading title-heading-left fusion-responsive-typography-calculated\" style=\"margin:0;--fontSize:26;line-height:1.69;\">Horaires d&rsquo;ouverture<\/h2><\/div><div class=\"fusion-text fusion-text-5\"><p>Lundi &#8211; Vendredi : 9h30 &#8211; 19h00<\/p>\n<p>Samedi : 10h30 &#8211; 16h00<\/p>\n<\/div><div class=\"fusion-clearfix\"><\/div><\/div><\/div><\/div><\/div><\/p>\n","protected":false},"excerpt":{"rendered":"","protected":false},"author":1,"featured_media":0,"parent":0,"menu_order":0,"comment_status":"closed","ping_status":"closed","template":"","meta":{"footnotes":""},"class_list":["post-27","page","type-page","status-publish","hentry"],"_links":{"self":[{"href":"https:\/\/avocat-broquet.fr\/travail\/wp-json\/wp\/v2\/pages\/27","targetHints":{"allow":["GET"]}}],"collection":[{"href":"https:\/\/avocat-broquet.fr\/travail\/wp-json\/wp\/v2\/pages"}],"about":[{"href":"https:\/\/avocat-broquet.fr\/travail\/wp-json\/wp\/v2\/types\/page"}],"author":[{"embeddable":true,"href":"https:\/\/avocat-broquet.fr\/travail\/wp-json\/wp\/v2\/users\/1"}],"replies":[{"embeddable":true,"href":"https:\/\/avocat-broquet.fr\/travail\/wp-json\/wp\/v2\/comments?post=27"}],"version-history":[{"count":0,"href":"https:\/\/avocat-broquet.fr\/travail\/wp-json\/wp\/v2\/pages\/27\/revisions"}],"wp:attachment":[{"href":"https:\/\/avocat-broquet.fr\/travail\/wp-json\/wp\/v2\/media?parent=27"}],"curies":[{"name":"wp","href":"https:\/\/api.w.org\/{rel}","templated":true}]}}