{"id":5559,"date":"2014-08-25T20:34:51","date_gmt":"2014-08-25T18:34:51","guid":{"rendered":"http:\/\/&amp;preview_id=5559"},"modified":"2014-08-25T20:34:51","modified_gmt":"2014-08-25T18:34:51","slug":"imposition-de-la-prestation-compensatoire-versee-sous-forme-de-rente-viagere","status":"publish","type":"page","link":"https:\/\/avocat-broquet.fr\/divorce\/imposition-de-la-prestation-compensatoire-versee-sous-forme-de-rente-viagere\/","title":{"rendered":"Imposition de la prestation compensatoire vers\u00e9e sous forme de rente viag\u00e8re"},"content":{"rendered":"<p><strong>La prestation compensatoire permet de r\u00e9tablir le d\u00e9s\u00e9quilibre \u00e9conomique qui r\u00e9sulte, pour un des \u00e9poux, du prononc\u00e9 du divorce. En principe, celle-ci prend la forme d\u2019un capital vers\u00e9 imm\u00e9diatement (versement d\u2019une somme d\u2019argent, abandon d\u2019un bien&#8230;) ou, de fa\u00e7on p\u00e9riodique durant un d\u00e9lai de huit ans maximum.<\/strong><\/p>\n<p>Exceptionnellement, le juge aux affaires familiales peut d\u00e9cider le versement de\u00a0la <strong>prestation compensatoire sous forme de rente viag\u00e8re<\/strong>. Cette d\u00e9cision doit \u00eatre motiv\u00e9e, par exemple, par le fait que le b\u00e9n\u00e9ficiaire de la prestation compensatoire est trop \u00e2g\u00e9 ou dans un \u00e9tat de sant\u00e9 tel, qu\u2019il ne peut subvenir \u00e0 ses besoins.<\/p>\n<p>La <em>prestation compensatoire sous forme de rente viag\u00e8re<\/em>\u00a0peut avoir une incidence sur le calcul de l\u2019imp\u00f4t sur le revenu, lorsqu\u2019elle est pr\u00e9vue par un jugement.<\/p>\n<p>Le b\u00e9n\u00e9ficiaire de la rente viag\u00e8re doit d\u00e9clarer la rente qu\u2019il per\u00e7oit au cours de l\u2019ann\u00e9e aux pensions alimentaires de la feuille de d\u00e9claration.<\/p>\n<p>De son c\u00f4t\u00e9, la personne qui verse la prestation compensatoire sous forme de rente viag\u00e8re peut d\u00e9duire les versements au titre d\u2019une ann\u00e9e de son revenu imposable de la dite ann\u00e9e.<\/p>\n","protected":false},"excerpt":{"rendered":"<p>La prestation compensatoire permet de r\u00e9tablir le d\u00e9s\u00e9quilibre \u00e9conomique qui r\u00e9sulte, pour un des \u00e9poux, du prononc\u00e9 du divorce. En principe, celle-ci prend la forme d\u2019un capital vers\u00e9 imm\u00e9diatement (versement d\u2019une somme d\u2019argent, abandon d\u2019un bien&#8230;) ou, de fa\u00e7on p\u00e9riodique durant un d\u00e9lai de huit ans maximum. Exceptionnellement, le juge  [&#8230;]<\/p>\n","protected":false},"author":1,"featured_media":5601,"parent":0,"menu_order":0,"comment_status":"closed","ping_status":"open","template":"","meta":{"_acf_changed":false,"footnotes":""},"class_list":["post-5559","page","type-page","status-publish","has-post-thumbnail","hentry"],"acf":[],"_links":{"self":[{"href":"https:\/\/avocat-broquet.fr\/divorce\/wp-json\/wp\/v2\/pages\/5559","targetHints":{"allow":["GET"]}}],"collection":[{"href":"https:\/\/avocat-broquet.fr\/divorce\/wp-json\/wp\/v2\/pages"}],"about":[{"href":"https:\/\/avocat-broquet.fr\/divorce\/wp-json\/wp\/v2\/types\/page"}],"author":[{"embeddable":true,"href":"https:\/\/avocat-broquet.fr\/divorce\/wp-json\/wp\/v2\/users\/1"}],"replies":[{"embeddable":true,"href":"https:\/\/avocat-broquet.fr\/divorce\/wp-json\/wp\/v2\/comments?post=5559"}],"version-history":[{"count":0,"href":"https:\/\/avocat-broquet.fr\/divorce\/wp-json\/wp\/v2\/pages\/5559\/revisions"}],"wp:featuredmedia":[{"embeddable":true,"href":"https:\/\/avocat-broquet.fr\/divorce\/wp-json\/"}],"wp:attachment":[{"href":"https:\/\/avocat-broquet.fr\/divorce\/wp-json\/wp\/v2\/media?parent=5559"}],"curies":[{"name":"wp","href":"https:\/\/api.w.org\/{rel}","templated":true}]}}