{"id":5418,"date":"2014-08-10T11:30:29","date_gmt":"2014-08-10T09:30:29","guid":{"rendered":"http:\/\/avocat-broquet.fr\/divorce\/?p=5418"},"modified":"2014-08-10T11:30:29","modified_gmt":"2014-08-10T09:30:29","slug":"divorce-et-liquidation-du-patrimoine-sous-le-regime-de-la-communaute","status":"publish","type":"page","link":"https:\/\/avocat-broquet.fr\/divorce\/divorce-et-liquidation-du-patrimoine-sous-le-regime-de-la-communaute\/","title":{"rendered":"Divorce et liquidation du patrimoine sous le r\u00e9gime de la communaut\u00e9"},"content":{"rendered":"<p>Pour les \u00e9poux mari\u00e9s sous le r\u00e9gime de la communaut\u00e9 l\u00e9gale, le divorce entra\u00eene de nombreuses\u00a0cons\u00e9quences notamment sur le patrimoine du couple : la communaut\u00e9. A l\u2019occasion du divorce, celle-ci va \u00eatre dissoute : c&rsquo;est la <strong>liquidation du patrimoine<\/strong>.<br \/>\nLe juge aux affaires familiales, juge du divorce, est charg\u00e9 de la <em>liquidation du patrimoine<\/em> et du partage des int\u00e9r\u00eats\u00a0patrimoniaux des \u00e9poux.<br \/>\nAvant le partage de la communaut\u00e9, il convient de proc\u00e9der \u00e0 sa liquidation : cette op\u00e9ration permet\u00a0de chiffrer et fixer les droits de chacun des ex-\u00e9poux. Dans le r\u00e9gime de la communaut\u00e9 l\u00e9gale, le patrimoine des \u00e9poux est compos\u00e9 de trois cat\u00e9gories de biens :<\/p>\n<ul>\n<li>Les biens propres de la femme et les biens propres du mari : sont consid\u00e9r\u00e9s comme des\u00a0biens propres, ceux dont un \u00e9poux avait la propri\u00e9t\u00e9 au jour du mariage. Aussi, ceux acquis\u00a0apr\u00e8s le mariage, par succession, donation ou legs (\u00e0 moins que la lib\u00e9ralit\u00e9 soit faite en\u00a0faveur des deux \u00e9poux). De m\u00eame, sont par exemple propres, les instruments de travail, ou\u00a0encore les v\u00eatements et linges \u00e0 usage personnel &#8230;<\/li>\n<li>Les biens communs aux \u00e9poux : il s\u2019agit des acquisitions faites par les \u00e9poux ensemble ou\u00a0s\u00e9par\u00e9ment pendant le mariage, avec leurs salaires ou encore, avec les fruits ou revenus\u00a0d\u2019un bien propre \u00e0 l\u2019un d\u2019eux.<\/li>\n<\/ul>\n<p>Chaque \u00e9poux r\u00e9cup\u00e8re ses biens propres et ses dettes personnelles. Ils partageront ensuite pour\u00a0moiti\u00e9 ce qui reste : l\u2019actif net de la communaut\u00e9.<\/p>\n","protected":false},"excerpt":{"rendered":"<p>Pour les \u00e9poux mari\u00e9s sous le r\u00e9gime de la communaut\u00e9 l\u00e9gale, le divorce entra\u00eene de nombreuses\u00a0cons\u00e9quences notamment sur le patrimoine du couple : la communaut\u00e9. A l\u2019occasion du divorce, celle-ci va \u00eatre dissoute : c&rsquo;est la liquidation du patrimoine. Le juge aux affaires familiales, juge du divorce, est charg\u00e9 de  [&#8230;]<\/p>\n","protected":false},"author":1,"featured_media":1667,"parent":0,"menu_order":0,"comment_status":"closed","ping_status":"open","template":"","meta":{"_acf_changed":false,"footnotes":""},"class_list":["post-5418","page","type-page","status-publish","has-post-thumbnail","hentry"],"acf":[],"_links":{"self":[{"href":"https:\/\/avocat-broquet.fr\/divorce\/wp-json\/wp\/v2\/pages\/5418","targetHints":{"allow":["GET"]}}],"collection":[{"href":"https:\/\/avocat-broquet.fr\/divorce\/wp-json\/wp\/v2\/pages"}],"about":[{"href":"https:\/\/avocat-broquet.fr\/divorce\/wp-json\/wp\/v2\/types\/page"}],"author":[{"embeddable":true,"href":"https:\/\/avocat-broquet.fr\/divorce\/wp-json\/wp\/v2\/users\/1"}],"replies":[{"embeddable":true,"href":"https:\/\/avocat-broquet.fr\/divorce\/wp-json\/wp\/v2\/comments?post=5418"}],"version-history":[{"count":0,"href":"https:\/\/avocat-broquet.fr\/divorce\/wp-json\/wp\/v2\/pages\/5418\/revisions"}],"wp:featuredmedia":[{"embeddable":true,"href":"https:\/\/avocat-broquet.fr\/divorce\/wp-json\/"}],"wp:attachment":[{"href":"https:\/\/avocat-broquet.fr\/divorce\/wp-json\/wp\/v2\/media?parent=5418"}],"curies":[{"name":"wp","href":"https:\/\/api.w.org\/{rel}","templated":true}]}}