{"id":5413,"date":"2014-08-07T12:21:16","date_gmt":"2014-08-07T10:21:16","guid":{"rendered":"http:\/\/avocat-broquet.fr\/divorce\/?p=5413"},"modified":"2014-08-07T12:21:16","modified_gmt":"2014-08-07T10:21:16","slug":"divorce-et-securite-sociale-quen-est-il-de-la-securite-sociale-des-enfants","status":"publish","type":"page","link":"https:\/\/avocat-broquet.fr\/divorce\/divorce-et-securite-sociale-quen-est-il-de-la-securite-sociale-des-enfants\/","title":{"rendered":"Divorce et s\u00e9curit\u00e9 sociale : qu\u2019en est-il de la s\u00e9curit\u00e9 sociale des enfants ?"},"content":{"rendered":"<p>La question de la <strong>s\u00e9curit\u00e9 sociale des enfants<\/strong> fait bien souvent l&rsquo;objet de nombreuses difficult\u00e9s pour les couples qui sont en proc\u00e9dure de divorce.<br \/>\nEn mati\u00e8re d\u2019assurance maladie les cons\u00e9quences du divorce diff\u00e8rent en fonction de la situation de chacun des ex- \u00e9poux :<br \/>\nSi chaque \u00e9poux \u00e9tait affili\u00e9 \u00e0 une caisse d\u2019assurance maladie, le divorce n\u2019a aucun effet sur leurs droits et leurs situations sociales restent inchang\u00e9es.<br \/>\nEn revanche, l\u2019\u00e9poux qui b\u00e9n\u00e9ficiait de la caisse d\u2019assurance-maladie de son conjoint (\u00e9poux ayant-droit de son conjoint), conserve ses droits pendant un an puis peut demander son rattachement \u00e0 la Couverture Maladie Universelle (CMU).<br \/>\nIl est cependant des cas o\u00f9 les droits sont maintenus plus longtemps ( enfants en bas \u00e2ge) ou encore \u00e0 vie (trois enfants \u00e0 charges)&#8230;<br \/>\nLes enfants \u00e0 charge dont les deux parents sont assur\u00e9s sociaux, (que ce soit \u00e0 titre personnel ou dans le cadre du maintien des droits dont b\u00e9n\u00e9ficie l\u2019ex-conjoint), peuvent \u00eatre rattach\u00e9s \u00e0 leurs deux parents en qualit\u00e9 d\u2019ayants droit, \u00e0 conditions que ces derniers en fassent la demande.<br \/>\nChaque parent pourra donc se faire rembourser par sa caisse d\u2019assurance maladie, les frais m\u00e9dicaux engag\u00e9s pour l\u2019enfant. Le fait que l\u2019enfant vive habituellement avec l\u2019un de ses parents n\u2019a aucune incidence.<br \/>\nSi les parents ne font pas de demande de rattachement, l\u2019enfant sera consid\u00e9r\u00e9 comme ayant droit de celui qui, le premier, demande \u00e0 \u00eatre rembours\u00e9 des frais m\u00e9dicaux engag\u00e9s pour l\u2019enfant.<br \/>\n<strong>Comme indiqu\u00e9, <em>divorce et s\u00e9curit\u00e9 sociale<\/em> am\u00e8nent des probl\u00e9matiques dont il est parfois difficile de comprendre tous les tenants et aboutissants seul. Si vous d\u00e9sirez contacter notre Cabinet d&rsquo;avocats en vue d&rsquo;une consultation \u00e0 ce propos vous pouvez nous joindre directement au <span style=\"color: #ff0000\">01.42.86.87.46<\/span>.<\/strong><\/p>\n","protected":false},"excerpt":{"rendered":"<p>La question de la s\u00e9curit\u00e9 sociale des enfants fait bien souvent l&rsquo;objet de nombreuses difficult\u00e9s pour les couples qui sont en proc\u00e9dure de divorce. En mati\u00e8re d\u2019assurance maladie les cons\u00e9quences du divorce diff\u00e8rent en fonction de la situation de chacun des ex- \u00e9poux : Si chaque \u00e9poux \u00e9tait affili\u00e9 \u00e0  [&#8230;]<\/p>\n","protected":false},"author":1,"featured_media":5414,"parent":0,"menu_order":0,"comment_status":"closed","ping_status":"open","template":"","meta":{"_acf_changed":false,"footnotes":""},"class_list":["post-5413","page","type-page","status-publish","has-post-thumbnail","hentry"],"acf":[],"_links":{"self":[{"href":"https:\/\/avocat-broquet.fr\/divorce\/wp-json\/wp\/v2\/pages\/5413","targetHints":{"allow":["GET"]}}],"collection":[{"href":"https:\/\/avocat-broquet.fr\/divorce\/wp-json\/wp\/v2\/pages"}],"about":[{"href":"https:\/\/avocat-broquet.fr\/divorce\/wp-json\/wp\/v2\/types\/page"}],"author":[{"embeddable":true,"href":"https:\/\/avocat-broquet.fr\/divorce\/wp-json\/wp\/v2\/users\/1"}],"replies":[{"embeddable":true,"href":"https:\/\/avocat-broquet.fr\/divorce\/wp-json\/wp\/v2\/comments?post=5413"}],"version-history":[{"count":0,"href":"https:\/\/avocat-broquet.fr\/divorce\/wp-json\/wp\/v2\/pages\/5413\/revisions"}],"wp:featuredmedia":[{"embeddable":true,"href":"https:\/\/avocat-broquet.fr\/divorce\/wp-json\/"}],"wp:attachment":[{"href":"https:\/\/avocat-broquet.fr\/divorce\/wp-json\/wp\/v2\/media?parent=5413"}],"curies":[{"name":"wp","href":"https:\/\/api.w.org\/{rel}","templated":true}]}}