{"id":4866,"date":"2014-05-14T15:25:23","date_gmt":"2014-05-14T13:25:23","guid":{"rendered":"http:\/\/avocat-broquet.fr\/divorce\/?p=4866"},"modified":"2014-05-14T15:25:23","modified_gmt":"2014-05-14T13:25:23","slug":"articulation-divorce-separation-de-corps","status":"publish","type":"page","link":"https:\/\/avocat-broquet.fr\/divorce\/articulation-divorce-separation-de-corps\/","title":{"rendered":"Articulation entre s\u00e9paration de corps et divorce"},"content":{"rendered":"<div class=\"fusion-fullwidth fullwidth-box fusion-builder-row-1 nonhundred-percent-fullwidth non-hundred-percent-height-scrolling\" style=\"--awb-border-radius-top-left:0px;--awb-border-radius-top-right:0px;--awb-border-radius-bottom-right:0px;--awb-border-radius-bottom-left:0px;--awb-flex-wrap:wrap;\" ><div class=\"fusion-builder-row fusion-row\"><div class=\"fusion-layout-column fusion_builder_column fusion-builder-column-0 fusion_builder_column_1_1 1_1 fusion-one-full fusion-column-first fusion-column-last\" style=\"--awb-bg-size:cover;--awb-margin-bottom:0px;\"><div class=\"fusion-column-wrapper fusion-flex-column-wrapper-legacy\"><div class=\"fusion-text fusion-text-1\"><p><strong>L&rsquo;\u00e9poux qui a form\u00e9 une demande en divorce peut lui substituer, m\u00eame en appel, une demande en s\u00e9paration de corps.<\/strong><br \/>\nSuite \u00e0 l&rsquo;assignation en divorce pour faute de son \u00e9pouse, un mari a d\u00e9pos\u00e9 une demande reconventionnelle en divorce fond\u00e9e sur les fautes de la demanderesse. Sa demande est rejet\u00e9e et le juge aux affaires familiales prononce le divorce \u00e0 ses torts exclusifs.<br \/>\nIl d\u00e9cide alors d&rsquo;interjeter appel, mais en substituant \u00e0 sa demande reconventionnelle initiale, optant pour une demande en s\u00e9paration de corps en lieu et place de sa demande en divorce pour faute.<br \/>\nDans un arr\u00eat du 22\u00a0juin 2011, la Cour d&rsquo;appel de Poitiers d\u00e9clare sa demande irrecevable du fait que celle-ci a \u00e9t\u00e9 formul\u00e9e pour la premi\u00e8re fois en cause d&rsquo;appel. Sur pourvoi de l&rsquo;\u00e9poux, la Premi\u00e8re Chambre civile casse l&rsquo;arr\u00eat d&rsquo;appel sur la base de l&rsquo;article\u00a01076 alin\u00e9a\u00a01er du Code de proc\u00e9dure civile. Celui-ci expose en effet\u00a0que <em>\u00ab\u00a0l&rsquo;\u00e9poux qui a form\u00e9 une demande en divorce peut lui substituer, m\u00eame en appel, une demande en s\u00e9paration de corps\u00a0\u00bb<\/em>.<br \/>\nUne telle application ne peut qu&#8217;emporter notre approbation. Elle vient en outre confirmer l&rsquo;interpr\u00e9tation qui \u00e9tait celle de la doctrine en la mati\u00e8re.<\/p>\n<h2>On peut substituer \u00e0 sa demande en divorce une demande en s\u00e9paration de corps<\/h2>\n<p>Il est un principe simple en mati\u00e8re contentieuse de consid\u00e9rer que si un \u00e9poux fait une demande en divorce pour faute, son conjoint a la possibilit\u00e9 de pr\u00e9senter une demande reconventionnelle en divorce pour alt\u00e9ration d\u00e9finitive du lien conjugal ou une demande reconventionnelle en divorce pour faute en invoquant les fautes du demandeur.<br \/>\nDans le premier cas, si le d\u00e9fendeur d\u00e9montre qu&rsquo;il n&rsquo;a pas commis de faute comme le pr\u00e9tend le demandeur, le divorce sera prononc\u00e9 pour alt\u00e9ration d\u00e9finitive du lien conjugal sans que soit n\u00e9cessaire de d\u00e9montrer, comme \u00e0 titre principal, une s\u00e9paration continue de plus de deux ann\u00e9es.<br \/>\nDans le second cas, le juge aux affaires familiales\u00a0accueille les deux demandes en divorce pour faute et prononce le divorce aux torts partag\u00e9s (solution qui \u00e9tait celle de cette esp\u00e8ce en premi\u00e8re instance).<br \/>\nUne autre solution consiste \u00e0 ne pas r\u00e9pondre sur le terrain du divorce, mais sur celui de la s\u00e9paration de corps. L&rsquo;article 296 du Code civil\u00a0pr\u00e9voit en effet que \u00ab\u00a0la s\u00e9paration de corps peut \u00eatre prononc\u00e9e \u00e0 la demande de l&rsquo;un des \u00e9poux dans les m\u00eames cas et aux m\u00eames conditions que le divorce\u00a0\u00bb. L&rsquo;\u00e9poux contre qui est form\u00e9e une demande en divorce peut pr\u00e9senter une demande reconventionnelle en s\u00e9paration de corps\u00a0l est alors de principe pour le juge de v\u00e9rifier si les conditions du divorce telles qu&rsquo;\u00e9nonc\u00e9es par le demandeur sont r\u00e9unies. Si tel n&rsquo;est pas le cas, il \u00e9tudie alors la demande de s\u00e9paration de corps. Si celle-ci est valable, la s\u00e9paration de corps sera prononc\u00e9e en lieu et place du divorce.<br \/>\nLa Cour d&rsquo;appel rejette cette demande, la consid\u00e9rant irrecevable sur la base de l&rsquo;article\u00a0564 du Code de proc\u00e9dure civile. Cet article indique en effet que <em>\u00ab\u00a0les parties ne peuvent soumettre \u00e0 la Cour de nouvelles pr\u00e9tentions si ce n&rsquo;est pour opposer compensation, faire \u00e9carter les pr\u00e9tentions adverses ou faire juger les questions n\u00e9es de l&rsquo;intervention d&rsquo;un tiers ou de la survenance ou de la r\u00e9v\u00e9lation d&rsquo;un fait\u00a0\u00bb<\/em>.<br \/>\nSi cette interpr\u00e9tation pouvait sur se seul texte se comprendre, c&rsquo;\u00e9tait sans oublier certaines dispositions sp\u00e9ciales, dont l&rsquo;article 1076 du Code civil sur lequel se fonde justement la Cour de cassation et qui d\u00e9roge express\u00e9ment \u00e0 cet article :<br \/>\n<em>\u00ab L&rsquo;\u00e9poux qui pr\u00e9sente une demande en divorce peut, en tout \u00e9tat de cause,\u00a0<span style=\"text-decoration: underline\"><strong>et m\u00eame en appel<\/strong><\/span>, lui substituer une demande en s\u00e9paration de corps\u00a0\u00bb.\u00a0<\/em><br \/>\nD\u00e8s lors, il ne faisait aucun doute que le Cour de Cassation ne pouvait que casser l&rsquo;arr\u00eat rendu par la Cour d&rsquo;Appel et renvoyer le dossier pour son analyse au fond.<\/p>\n<h2>Substituer une demande en divorce par une demande en s\u00e9paration de corps est possible tant \u00e0 titre principal qu&rsquo;\u00e0 titre reconventionnel<\/h2>\n<p>Si cette cassation est somme toute logique s&rsquo;agissant de la substitution de la demande de divorce par une demande de s\u00e9paration de corps, l&rsquo;int\u00e9r\u00eat de l&rsquo;arr\u00eat vient de la clarification qu&rsquo;il apporte lorsque cette demande de substitution se fait non pas \u00e0 titre principal (en tant que demandeur) mais \u00e0 titre reconventionnel (en tant que d\u00e9fendeur).<br \/>\nLa Cour de Cassation aurait pu consid\u00e9rer que l&rsquo;article 1076 du Code de Proc\u00e9dure civile s&rsquo;appliquait uniquement au demandeur puisqu&rsquo;en l\u2019occurrence il indique que c&rsquo;est <em>\u00ab\u00a0l&rsquo;\u00e9poux [qui] pr\u00e9sente une demande de divorce [qui] peut lui substituer une demande en s\u00e9paration de corps\u00a0\u00bb<\/em>.<br \/>\nTel n&rsquo;est pas le cas le cas en l&rsquo;esp\u00e8ce et l&rsquo;interpr\u00e9tation de la Cour ne peut &#8211; encore une &#8211; qu&rsquo;\u00eatre salu\u00e9e, puisqu&rsquo;elle permet en tout \u00e9tat de cause une \u00e9galit\u00e9 des armes entre demandeur et d\u00e9fendeur \u00e0 l&rsquo;instance.<br \/>\n<span style=\"line-height: 1.5em\">D&rsquo;un point de vue strictement proc\u00e9dural, cette solution ne peut l\u00e0 encore qu&rsquo;\u00eatre approuv\u00e9e.<\/span><br \/>\n<span style=\"line-height: 1.5em\">Deux raisons viennent \u00e0 son appui :<\/span><\/p>\n<ul>\n<li><span style=\"line-height: 1.5em\">il est d&rsquo;usage de consid\u00e9rer qu&rsquo;il n&rsquo;y a pas lieu de distinguer dans la loi l\u00e0 o\u00f9 il n&rsquo;y a pas de distinction (rappelons l&rsquo;adage <em>ubi lex non distinguit nec nos distinguere debemus<\/em>)\u00a0<\/span><\/li>\n<li><span style=\"line-height: 1.5em\">la nature-m\u00eame de la demande reconventionnelle qui se veut disposer selon les propres mots du Professeur Jean-Ren\u00e9 BINET, la \u00ab\u00a0demande reconventionnelle [&#8230;] a la m\u00eame nature qu&rsquo;une demande principale\u00a0\u00bb (J.-R.\u00a0Binet, <em>De l&rsquo;int\u00e9r\u00eat pour l&rsquo;h\u00e9ritier poursuivi de bien choisir sa d\u00e9fense<\/em> \u2013 \u00c0 propos de l&rsquo;arr\u00eat Cass. 1re civ., 3\u00a0d\u00e9c. 2002\u00a0: Dr. famille 2003, chron. 28). Comme toujours dans ce cas de figure, la nature emportant le r\u00e9gime, il n&rsquo;y a pas lieu d&rsquo;appliquer \u00e0 la demande reconventionnelle un r\u00e9gime diff\u00e9rent de celui de la demande principale.<\/span><\/li>\n<\/ul>\n<p>Rappelons enfin pour en terminer avec l&rsquo;analyse de l&rsquo;article\u00a01076 alin\u00e9a\u00a02 du Code proc\u00e9dure civile que l&rsquo;\u00e9poux qui a form\u00e9 une demande en s\u00e9paration de corps ne peut lui substituer une demande en divorce.<\/p>\n<\/div><div class=\"fusion-clearfix\"><\/div><\/div><\/div><\/div><\/div>\n","protected":false},"excerpt":{"rendered":"","protected":false},"author":1,"featured_media":4875,"parent":0,"menu_order":0,"comment_status":"closed","ping_status":"open","template":"","meta":{"_acf_changed":false,"footnotes":""},"class_list":["post-4866","page","type-page","status-publish","has-post-thumbnail","hentry"],"acf":[],"_links":{"self":[{"href":"https:\/\/avocat-broquet.fr\/divorce\/wp-json\/wp\/v2\/pages\/4866","targetHints":{"allow":["GET"]}}],"collection":[{"href":"https:\/\/avocat-broquet.fr\/divorce\/wp-json\/wp\/v2\/pages"}],"about":[{"href":"https:\/\/avocat-broquet.fr\/divorce\/wp-json\/wp\/v2\/types\/page"}],"author":[{"embeddable":true,"href":"https:\/\/avocat-broquet.fr\/divorce\/wp-json\/wp\/v2\/users\/1"}],"replies":[{"embeddable":true,"href":"https:\/\/avocat-broquet.fr\/divorce\/wp-json\/wp\/v2\/comments?post=4866"}],"version-history":[{"count":0,"href":"https:\/\/avocat-broquet.fr\/divorce\/wp-json\/wp\/v2\/pages\/4866\/revisions"}],"wp:featuredmedia":[{"embeddable":true,"href":"https:\/\/avocat-broquet.fr\/divorce\/wp-json\/"}],"wp:attachment":[{"href":"https:\/\/avocat-broquet.fr\/divorce\/wp-json\/wp\/v2\/media?parent=4866"}],"curies":[{"name":"wp","href":"https:\/\/api.w.org\/{rel}","templated":true}]}}